{"id":366,"date":"2023-02-07T07:18:33","date_gmt":"2023-02-07T07:18:33","guid":{"rendered":"https:\/\/sportotto.com\/bettingsidor\/"},"modified":"2024-03-21T14:15:38","modified_gmt":"2024-03-21T14:15:38","slug":"chile","status":"publish","type":"page","link":"https:\/\/sportotto.com\/cl\/","title":{"rendered":"Betting Chile"},"content":{"rendered":"\n<h1 class=\"wp-block-heading\">Apuestas deportivas online en Chile<\/h1>\n\n\n\n<p>Bienvenido a SportOtto.com! Un sitio internacional de deportes y apuestas deportivas online! En este gu\u00eda nos centramos en las apuestas deportivas online en Chile. Las apuestas deportivas siempre han sido populares entre los amantes de los deportes y \u00faltimamente han llegado varias casas de apuestas online en Chile.<\/p>\n\n\n\n<h2 class=\"wp-block-heading\">Porque escoger casa de apuestas online en SportOtto.com<\/h2>\n\n\n\n<p>Sportotto.com es un sitio internacional que informa sobre las mejores casas de apuestas online en varios pa\u00edses como Alemania, Finlandia y Suecia. El equipo detr\u00e1s de Sportoto llevan m\u00e1s de 10 a\u00f1os trabajando en el mundo de las apuestas y los deportes.<\/p>\n\n\n\n<h2 class=\"wp-block-heading\">\u00bfC\u00f3mo funcionan las apuestas deportivas en l\u00ednea?<\/h2>\n\n\n\n<p>Las apuestas deportivas online son apuestas con dinero real en diferentes deportes o eventos donde puedes apostar en el resultado del evento. La cuota del resultado es lo que define cu\u00e1nto puedes ganar.&nbsp;<\/p>\n\n\n\n<p><em>Ejemplo:<\/em><\/p>\n\n\n\n<p><em>Tu apuestas 100,000CLP en que Real Madrid le ganara al FC Barcelona con la cuota de 1,5x. Si ganas significa que vas a ganar 100,000CLP x 1,5 que es 150,000CLP.<\/em><\/p>\n\n\n\n<h2 class=\"wp-block-heading\">\u00bfCu\u00e1les son las mejores casas de apuestas en Chile?<\/h2>\n\n\n\n<p>En Chile existen muchas casas de apuestas deportivas online que son buenas y confiables. Ac\u00e1 les dejamos algunas de las casas de apuestas m\u00e1s destacadas en Chile:<\/p>\n\n\n\n<h3 class=\"wp-block-heading\">LeoVegas<\/h3>\n\n\n\n<p>LeoVegas es un sitio de casino online y apuestas deportivas con muchos a\u00f1os en el negocio de los juegos online. Leo Vegas fue fundado en Suecia y tienen m\u00e1s de 10 a\u00f1os en el mercado y tienen jugadores de todo el mundo.<\/p>\n\n\n\n<p>LeoVegas es una de las casas de apuestas m\u00e1s confiables en todo el mundo y cuenta con una licencia de juegos online de la MGA. LeoVegas ofrece una aplicaci\u00f3n m\u00f3vil excelente para que puedas hacer tus apuestas f\u00e1cilmente desde tu celular.&nbsp;<\/p>\n\n\n\n<p>Leo Vegas cuenta con Webpay como m\u00e9todo de pago, que es el m\u00e9todo que te permite usar tu Cuenta RUT, tu tarjeta Redcompra o cualquier otra tarjeta de pago chilena. Tambi\u00e9n puedes jugar con pesos chilenos y recibir atenci\u00f3n al cliente en espa\u00f1ol 24\/7 por chat en vivo.<\/p>\n\n\n\n<h3 class=\"wp-block-heading\">Novibet<\/h3>\n\n\n\n<p>Novibet es una casa de apuestas que lleg\u00f3 a Chile hace poco pero que lleva m\u00e1s de 10 a\u00f1os en los mercados europeos, Sobre todo en Grecia e Italia.<\/p>\n\n\n\n<p>Novibet es una casa de apuestas online muy completa que ofrece buenas cuotas y una gran variedad de apuestas en directo, sobre todo en el f\u00fatbol. Novibet tiene varias licencias de apuestas online y es considerada una casa de apuestas segura.<\/p>\n\n\n\n<h3 class=\"wp-block-heading\">20 Bet<\/h3>\n\n\n\n<p>20 Bet es una casa de apuestas conocida mundialmente y se destaca por su gran variedad de apuestas deportivas. 20 Bet ofrece apuestas deportivas en m\u00e1s de 30 deportes diferentes y aceptan criptomonedas como m\u00e9todo de pago. 20 Bet tiene jugadores de todo el mundo y cuenta con una licencia de apuestas online de Curazao.<\/p>\n\n\n\n<h3 class=\"wp-block-heading\">22 Bet<\/h3>\n\n\n\n<p>22 Bet es una casa de apuestas que se destaca mucho porque ofrecen muchos diferentes m\u00e9todos de pago, entre ellos las criptomonedas como Bitcoin. 22 Bet ofrece apuestas y apuestas en vivo en muchos deportes diferentes pero son muy conocidos por sus apuestas de f\u00fatbol. 22 Bet, al igual que 20 Bet cuenta con una licencia de juegos online de Curazao.<\/p>\n\n\n\n<h2 class=\"wp-block-heading\">\u00bfC\u00f3mo escoger la mejor casa de apuestas online?<\/h2>\n\n\n\n<p>Para escoger la mejor casa de apuestas online tienes que pensar bien lo que buscas en una casa de apuesta, los deportes que te interesan etc:<\/p>\n\n\n\n<h3 class=\"wp-block-heading\">Seguridad&nbsp;<\/h3>\n\n\n\n<p>A la hora de escoger casa de apuestas online es muy importante saber que la casa de apuestas sea segura y confiable. La mejor manera de saber que una casa de apuestas sea segura y confiable es asegurarse de que el sitio tenga una licencia v\u00e1lida de juegos online emitida por alguno de los reguladores de apuestas online.<\/p>\n\n\n\n<h3 class=\"wp-block-heading\">Variedad de apuestas y mercados<\/h3>\n\n\n\n<p>Es muy importante averiguar la variedad de apuestas que ofrece la casa de apuestas en los deportes que te interesan. Por ejemplo, si te interesa el f\u00fatbol es importante que ofrezca muchas apuestas de f\u00fatbol, sobre todo en la liga que te interesa.&nbsp;<\/p>\n\n\n\n<h3 class=\"wp-block-heading\">Buenas cuotas<\/h3>\n\n\n\n<p>Todos los amantes de las apuestas deportivas siempre buscan las mejores cuotas para apostar. Aunque las cuotas no var\u00edan mucho en general, algunas casas de apuestas son conocidas por ofrecer mejores cuotas en algunos deportes o ligas espec\u00edficas.&nbsp;<\/p>\n\n\n\n<h3 class=\"wp-block-heading\">M\u00e9todos de Pago<\/h3>\n\n\n\n<p>Otro factor importante a la hora de escoger casa de apuestas online es averiguar los m\u00e9todos de pago que ofrecen. El m\u00e9todo de pago principal en Chile es Webpay, lo cual es usado para depositar con cuenta RUT, Redcompra y otras tarjetas chilenas. Varias casas de apuestas tambi\u00e9n aceptan dep\u00f3sitos con criptomonedas como Bitcoin.<\/p>\n\n\n\n<h3 class=\"wp-block-heading\">Navegaci\u00f3n en el sitio&nbsp;<\/h3>\n\n\n\n<p>Es importante que sea f\u00e1cil y sencillo navegar en el sitio. Con una navegaci\u00f3n simple para que f\u00e1cilmente puedas encontrar los partidos donde quieres apostar. Es importante que el sitio tenga una buena versi\u00f3n m\u00f3vil para no tener la necesidad de una computadora para hacer las apuestas. Las mejores casas de apuestas tienen aplicaciones m\u00f3viles para poder hacer las apuestas en directo en el celular.&nbsp;<\/p>\n\n\n\n<h3 class=\"wp-block-heading\">Apuestas en directo&nbsp;<\/h3>\n\n\n\n<p>Una de las maneras m\u00e1s divertidas de apostar seg\u00fan muchos amantes de las apuestas online es las apuestas en vivo. Es un tipo de apuestas que se hace durante el partido o el evento. Esto puede subir el suspenso de un partido de f\u00fatbol bastante, y adem\u00e1s las cuotas van cambiando seg\u00fan el desarrollo del partido o evento.&nbsp;<\/p>\n\n\n\n<p>Las apuestas en directo es algo que se encuentra en la mayor\u00eda de las casas de apuestas en Chile.<\/p>\n\n\n\n<h3 class=\"wp-block-heading\">Atencion al cliente&nbsp;<\/h3>\n\n\n\n<p>La atenci\u00f3n al cliente es algo muy importante en los sitios de casino y apuestas online. Las mejores casas de apuestas suelen ofrecer una extensa atenci\u00f3n al cliente y muchas veces ofrecen ayuda 24\/7 por chat en vivo en espa\u00f1ol.<\/p>\n\n\n\n<h3 class=\"wp-block-heading\">Bonos y promociones&nbsp;<\/h3>\n\n\n\n<p>Los bonos y las promociones son una manera para las casas de apuestas online para atraer a nuevos usuarios y premiar a los existentes. Muchas casas de apuestas ofrecen bonos de bienvenida y otras promociones para usuarios leales.<\/p>\n\n\n\n<h2 class=\"wp-block-heading\">&nbsp;Como funcionan los bonos de apuestas deportivas?<\/h2>\n\n\n\n<p>Los bonos para las apuestas deportivas son algo que siempre se agradece como jugador. Estos son los diferentes tipos de bonos de apuestas deportivas:<\/p>\n\n\n\n<h3 class=\"wp-block-heading\">Bono de deposito<\/h3>\n\n\n\n<p>Un bono de dep\u00f3sito consiste en que la casa de apuesta te dobla tu dep\u00f3sito.<\/p>\n\n\n\n<p>Si por ejemplo haces un dep\u00f3sito de 100,000 CLP, la casa de apuesta te da un bono de 100,000 CLP y puedes jugar con 200,000 CLP. Normalmente los bonos vienen con un requisito de apuesta que tienes que cumplir.&nbsp;<\/p>\n\n\n\n<h3 class=\"wp-block-heading\">Apuesta gratis<\/h3>\n\n\n\n<p>La apuesta gratis consiste en que el casino te regala 5,000-10,000 CLP para hacer tu primera apuesta gratis.<\/p>\n\n\n\n<h3 class=\"wp-block-heading\">Apuesta sin riesgo<\/h3>\n\n\n\n<p>Una apuesta sin riesgo implica que puedes hacer una apuesta y si pierdes te devuelven el dinero que perdiste.<\/p>\n\n\n\n<h2 class=\"wp-block-heading\">En cu\u00e1les deportes se puede apostar en las casas de apuestas?<\/h2>\n\n\n\n<p>En las casas de apuestas online tienes la opci\u00f3n de apostar en muchos diferentes deportes. Normalmente las apuestas m\u00e1s populares son las de f\u00fatbol pero varias casas de apuestas ofrecen m\u00e1s de 30 diferentes deportes, entre ellos:<\/p>\n\n\n\n<ul class=\"wp-block-list\">\n<li>Futbol<\/li>\n\n\n\n<li>Hockey sobre hielo<\/li>\n\n\n\n<li>Baloncesto<\/li>\n\n\n\n<li>Tenis<\/li>\n\n\n\n<li>Rugby<\/li>\n\n\n\n<li>Futbol Americano<\/li>\n\n\n\n<li>Carreras de caballos<\/li>\n\n\n\n<li>Boxeo&nbsp;<\/li>\n\n\n\n<li>Artes marciales&nbsp;<\/li>\n\n\n\n<li>Bicicleta&nbsp;<\/li>\n\n\n\n<li>Golf<\/li>\n\n\n\n<li>Elecciones de presidente&nbsp;<\/li>\n<\/ul>\n\n\n\n<h3 class=\"wp-block-heading\">Apuestas de futbol<\/h3>\n\n\n\n<p>Las apuestas de f\u00fatbol son las apuestas m\u00e1s populares en Chile, probablemente porque es el deporte m\u00e1s visto del pa\u00eds. En la mayor\u00eda de las casas de apuestas online puedes encontrar muchos diferentes mercados de apuestas de f\u00fatbol.<\/p>\n\n\n\n<p>Puedes encontrar ligas nacionales de todo el mundo y tambi\u00e9n la segunda y tercera divisi\u00f3n en algunos pa\u00edses.&nbsp;<\/p>\n\n\n\n<p>En las apuestas de f\u00fatbol tienes la posibilidad de apostar en muchas diferentes cosas del partido, no solo el resultado final. Algunos de los tipos de apuestas de f\u00fatbol al cual puedes apostar es:<\/p>\n\n\n\n<ul class=\"wp-block-list\">\n<li>La cantidad de saques de esquina<\/li>\n\n\n\n<li>La cantidad de tarjetas amarillas<\/li>\n\n\n\n<li>La cantidad de tarjetas rojas<\/li>\n\n\n\n<li>El resultado despu\u00e9s del primer tiempo<\/li>\n\n\n\n<li>Quien va marcar un gol&nbsp;<\/li>\n\n\n\n<li>La cantidad de goles en partido<\/li>\n<\/ul>\n\n\n\n<h2 class=\"wp-block-heading\">Transmisiones en directo en las casas de apuestas<\/h2>\n\n\n\n<p>Algunas de las casas de apuestas online te permiten ver los partidos en vivo. Normalmente el requisito es que hagas una apuesta y as\u00ed puedes ver el partido por el sitio web de la casa de apuestas o por la aplicaci\u00f3n. Entre las casas de apuestas que te permiten ver los partidos en vivo se encuentra BC.Game.<\/p>\n\n\n\n<h2 class=\"wp-block-heading\">Preguntas frecuentes<\/h2>\n\n\n\n<div class=\"schema-faq wp-block-yoast-faq-block\"><div class=\"schema-faq-section\" id=\"faq-question-1711030372934\"><strong class=\"schema-faq-question\">Son legales las casas de apuestas online en Chile?<\/strong> <p class=\"schema-faq-answer\">Las casas de apuestas en nuestra pagina son legales en Chile.<\/p> <\/div> <div class=\"schema-faq-section\" id=\"faq-question-1711030418122\"><strong class=\"schema-faq-question\">Puedo usar criptomonedas como Bitcoin en las casas de apuestas online?<\/strong> <p class=\"schema-faq-answer\">Varias casas de apuestas online en chile ofrecen pagos y retiros con criptomonedas, entre ellos BC.Game, Jugabet, 20 Bet y 22 Bet.<\/p> <\/div> <div class=\"schema-faq-section\" id=\"faq-question-1711030504388\"><strong class=\"schema-faq-question\">Puedo jugar en las casas apuestas con pesos chilenos?<\/strong> <p class=\"schema-faq-answer\">Si, la mayoria de las casas de apuestas online te permiten jugar en pesos chilenos.<\/p> <\/div> <\/div>\n","protected":false},"excerpt":{"rendered":"<p>Apuestas deportivas online en Chile Bienvenido a SportOtto.com! Un sitio internacional de deportes y apuestas deportivas online! En este gu\u00eda&#8230;<\/p>\n","protected":false},"author":4,"featured_media":0,"parent":0,"menu_order":0,"comment_status":"closed","ping_status":"closed","template":"","meta":{"_acf_changed":false,"footnotes":""},"class_list":["post-366","page","type-page","status-publish","hentry"],"acf":[],"yoast_head":"<!-- This site is optimized with the Yoast SEO plugin v27.4 - https:\/\/yoast.com\/product\/yoast-seo-wordpress\/ -->\n<title>Las mejores casas de apuestas deportivas online en Chile<\/title>\n<meta name=\"description\" content=\"Encuentra las mejores casas de apuestas deportivas online en Chile.\" \/>\n<meta name=\"robots\" content=\"index, follow, max-snippet:-1, max-image-preview:large, max-video-preview:-1\" \/>\n<link rel=\"canonical\" href=\"https:\/\/sportotto.com\/cl\/\" \/>\n<meta property=\"og:locale\" content=\"es_ES\" \/>\n<meta property=\"og:type\" content=\"article\" \/>\n<meta property=\"og:title\" content=\"Las mejores casas de apuestas deportivas online en Chile\" \/>\n<meta property=\"og:description\" content=\"Encuentra las mejores casas de apuestas deportivas online en Chile.\" \/>\n<meta property=\"og:url\" content=\"https:\/\/sportotto.com\/cl\/\" \/>\n<meta property=\"og:site_name\" content=\"Sportotto.com\" \/>\n<meta property=\"article:modified_time\" content=\"2024-03-21T14:15:38+00:00\" \/>\n<meta name=\"twitter:card\" content=\"summary_large_image\" \/>\n<meta name=\"twitter:label1\" content=\"Tiempo estimado de lectura\" \/>\n\t<meta name=\"twitter:data1\" content=\"8 minutos\" \/>\n<script type=\"application\/ld+json\" class=\"yoast-schema-graph\">{\"@context\":\"https:\\\/\\\/schema.org\",\"@graph\":[{\"@type\":[\"WebPage\",\"FAQPage\"],\"@id\":\"https:\\\/\\\/sportotto.com\\\/cl\\\/\",\"url\":\"https:\\\/\\\/sportotto.com\\\/cl\\\/\",\"name\":\"Las mejores casas de apuestas deportivas online en Chile\",\"isPartOf\":{\"@id\":\"https:\\\/\\\/sportotto.com\\\/cl\\\/#website\"},\"datePublished\":\"2023-02-07T07:18:33+00:00\",\"dateModified\":\"2024-03-21T14:15:38+00:00\",\"description\":\"Encuentra las mejores casas de apuestas deportivas online en Chile.\",\"breadcrumb\":{\"@id\":\"https:\\\/\\\/sportotto.com\\\/cl\\\/#breadcrumb\"},\"mainEntity\":[{\"@id\":\"https:\\\/\\\/sportotto.com\\\/cl\\\/#faq-question-1711030372934\"},{\"@id\":\"https:\\\/\\\/sportotto.com\\\/cl\\\/#faq-question-1711030418122\"},{\"@id\":\"https:\\\/\\\/sportotto.com\\\/cl\\\/#faq-question-1711030504388\"}],\"inLanguage\":\"es-CL\",\"potentialAction\":[{\"@type\":\"ReadAction\",\"target\":[\"https:\\\/\\\/sportotto.com\\\/cl\\\/\"]}]},{\"@type\":\"BreadcrumbList\",\"@id\":\"https:\\\/\\\/sportotto.com\\\/cl\\\/#breadcrumb\",\"itemListElement\":[{\"@type\":\"ListItem\",\"position\":1,\"name\":\"Sportotto\",\"item\":\"https:\\\/\\\/sportotto.com\\\/cl\\\/\"},{\"@type\":\"ListItem\",\"position\":2,\"name\":\"Betting Chile\"}]},{\"@type\":\"WebSite\",\"@id\":\"https:\\\/\\\/sportotto.com\\\/cl\\\/#website\",\"url\":\"https:\\\/\\\/sportotto.com\\\/cl\\\/\",\"name\":\"Sportotto.com\",\"description\":\"All about sports betting!\",\"potentialAction\":[{\"@type\":\"SearchAction\",\"target\":{\"@type\":\"EntryPoint\",\"urlTemplate\":\"https:\\\/\\\/sportotto.com\\\/cl\\\/?s={search_term_string}\"},\"query-input\":{\"@type\":\"PropertyValueSpecification\",\"valueRequired\":true,\"valueName\":\"search_term_string\"}}],\"inLanguage\":\"es-CL\"},{\"@type\":\"Question\",\"@id\":\"https:\\\/\\\/sportotto.com\\\/cl\\\/#faq-question-1711030372934\",\"position\":1,\"url\":\"https:\\\/\\\/sportotto.com\\\/cl\\\/#faq-question-1711030372934\",\"name\":\"Son legales las casas de apuestas online en Chile?\",\"answerCount\":1,\"acceptedAnswer\":{\"@type\":\"Answer\",\"text\":\"Las casas de apuestas en nuestra pagina son legales en Chile.\",\"inLanguage\":\"es-CL\"},\"inLanguage\":\"es-CL\"},{\"@type\":\"Question\",\"@id\":\"https:\\\/\\\/sportotto.com\\\/cl\\\/#faq-question-1711030418122\",\"position\":2,\"url\":\"https:\\\/\\\/sportotto.com\\\/cl\\\/#faq-question-1711030418122\",\"name\":\"Puedo usar criptomonedas como Bitcoin en las casas de apuestas online?\",\"answerCount\":1,\"acceptedAnswer\":{\"@type\":\"Answer\",\"text\":\"Varias casas de apuestas online en chile ofrecen pagos y retiros con criptomonedas, entre ellos BC.Game, Jugabet, 20 Bet y 22 Bet.\",\"inLanguage\":\"es-CL\"},\"inLanguage\":\"es-CL\"},{\"@type\":\"Question\",\"@id\":\"https:\\\/\\\/sportotto.com\\\/cl\\\/#faq-question-1711030504388\",\"position\":3,\"url\":\"https:\\\/\\\/sportotto.com\\\/cl\\\/#faq-question-1711030504388\",\"name\":\"Puedo jugar en las casas apuestas con pesos chilenos?\",\"answerCount\":1,\"acceptedAnswer\":{\"@type\":\"Answer\",\"text\":\"Si, la mayoria de las casas de apuestas online te permiten jugar en pesos chilenos.\",\"inLanguage\":\"es-CL\"},\"inLanguage\":\"es-CL\"}]}<\/script>\n<!-- \/ Yoast SEO plugin. -->","yoast_head_json":{"title":"Las mejores casas de apuestas deportivas online en Chile","description":"Encuentra las mejores casas de apuestas deportivas online en Chile.","robots":{"index":"index","follow":"follow","max-snippet":"max-snippet:-1","max-image-preview":"max-image-preview:large","max-video-preview":"max-video-preview:-1"},"canonical":"https:\/\/sportotto.com\/cl\/","og_locale":"es_ES","og_type":"article","og_title":"Las mejores casas de apuestas deportivas online en Chile","og_description":"Encuentra las mejores casas de apuestas deportivas online en Chile.","og_url":"https:\/\/sportotto.com\/cl\/","og_site_name":"Sportotto.com","article_modified_time":"2024-03-21T14:15:38+00:00","twitter_card":"summary_large_image","twitter_misc":{"Tiempo estimado de lectura":"8 minutos"},"schema":{"@context":"https:\/\/schema.org","@graph":[{"@type":["WebPage","FAQPage"],"@id":"https:\/\/sportotto.com\/cl\/","url":"https:\/\/sportotto.com\/cl\/","name":"Las mejores casas de apuestas deportivas online en Chile","isPartOf":{"@id":"https:\/\/sportotto.com\/cl\/#website"},"datePublished":"2023-02-07T07:18:33+00:00","dateModified":"2024-03-21T14:15:38+00:00","description":"Encuentra las mejores casas de apuestas deportivas online en Chile.","breadcrumb":{"@id":"https:\/\/sportotto.com\/cl\/#breadcrumb"},"mainEntity":[{"@id":"https:\/\/sportotto.com\/cl\/#faq-question-1711030372934"},{"@id":"https:\/\/sportotto.com\/cl\/#faq-question-1711030418122"},{"@id":"https:\/\/sportotto.com\/cl\/#faq-question-1711030504388"}],"inLanguage":"es-CL","potentialAction":[{"@type":"ReadAction","target":["https:\/\/sportotto.com\/cl\/"]}]},{"@type":"BreadcrumbList","@id":"https:\/\/sportotto.com\/cl\/#breadcrumb","itemListElement":[{"@type":"ListItem","position":1,"name":"Sportotto","item":"https:\/\/sportotto.com\/cl\/"},{"@type":"ListItem","position":2,"name":"Betting Chile"}]},{"@type":"WebSite","@id":"https:\/\/sportotto.com\/cl\/#website","url":"https:\/\/sportotto.com\/cl\/","name":"Sportotto.com","description":"All about sports betting!","potentialAction":[{"@type":"SearchAction","target":{"@type":"EntryPoint","urlTemplate":"https:\/\/sportotto.com\/cl\/?s={search_term_string}"},"query-input":{"@type":"PropertyValueSpecification","valueRequired":true,"valueName":"search_term_string"}}],"inLanguage":"es-CL"},{"@type":"Question","@id":"https:\/\/sportotto.com\/cl\/#faq-question-1711030372934","position":1,"url":"https:\/\/sportotto.com\/cl\/#faq-question-1711030372934","name":"Son legales las casas de apuestas online en Chile?","answerCount":1,"acceptedAnswer":{"@type":"Answer","text":"Las casas de apuestas en nuestra pagina son legales en Chile.","inLanguage":"es-CL"},"inLanguage":"es-CL"},{"@type":"Question","@id":"https:\/\/sportotto.com\/cl\/#faq-question-1711030418122","position":2,"url":"https:\/\/sportotto.com\/cl\/#faq-question-1711030418122","name":"Puedo usar criptomonedas como Bitcoin en las casas de apuestas online?","answerCount":1,"acceptedAnswer":{"@type":"Answer","text":"Varias casas de apuestas online en chile ofrecen pagos y retiros con criptomonedas, entre ellos BC.Game, Jugabet, 20 Bet y 22 Bet.","inLanguage":"es-CL"},"inLanguage":"es-CL"},{"@type":"Question","@id":"https:\/\/sportotto.com\/cl\/#faq-question-1711030504388","position":3,"url":"https:\/\/sportotto.com\/cl\/#faq-question-1711030504388","name":"Puedo jugar en las casas apuestas con pesos chilenos?","answerCount":1,"acceptedAnswer":{"@type":"Answer","text":"Si, la mayoria de las casas de apuestas online te permiten jugar en pesos chilenos.","inLanguage":"es-CL"},"inLanguage":"es-CL"}]}},"_links":{"self":[{"href":"https:\/\/sportotto.com\/cl\/wp-json\/wp\/v2\/pages\/366","targetHints":{"allow":["GET"]}}],"collection":[{"href":"https:\/\/sportotto.com\/cl\/wp-json\/wp\/v2\/pages"}],"about":[{"href":"https:\/\/sportotto.com\/cl\/wp-json\/wp\/v2\/types\/page"}],"author":[{"embeddable":true,"href":"https:\/\/sportotto.com\/cl\/wp-json\/wp\/v2\/users\/4"}],"replies":[{"embeddable":true,"href":"https:\/\/sportotto.com\/cl\/wp-json\/wp\/v2\/comments?post=366"}],"version-history":[{"count":3,"href":"https:\/\/sportotto.com\/cl\/wp-json\/wp\/v2\/pages\/366\/revisions"}],"predecessor-version":[{"id":391,"href":"https:\/\/sportotto.com\/cl\/wp-json\/wp\/v2\/pages\/366\/revisions\/391"}],"wp:attachment":[{"href":"https:\/\/sportotto.com\/cl\/wp-json\/wp\/v2\/media?parent=366"}],"curies":[{"name":"wp","href":"https:\/\/api.w.org\/{rel}","templated":true}]}}