{"id":319,"date":"2023-02-07T07:18:33","date_gmt":"2023-02-07T07:18:33","guid":{"rendered":"https:\/\/sportotto.com\/bettingsidor-2\/"},"modified":"2025-07-07T12:02:44","modified_gmt":"2025-07-07T12:02:44","slug":"vedonlyonti","status":"publish","type":"page","link":"https:\/\/sportotto.com\/fi\/","title":{"rendered":"Vedonly\u00f6nti"},"content":{"rendered":"\n<h1 class=\"wp-block-heading\">Vedonly\u00f6nti<\/h1>\n\n\n\n<p>Suomalaiset ovat urheilukansaa ja erityisesti urheiluvedonly\u00f6nti onkin lunastanut paikkansa suomalaisten suosikkiajanvietteiden joukossa. Ei kuitenkaan ole suinkaan samantekev\u00e4\u00e4, mill\u00e4 sivustolla vedonly\u00f6nti\u00e4 harrastaa. Kasinopuolella avuksi voi olla <a href=\"https:\/\/nonstickybonukset.net\/\">non sticky bonus sivustolla\u00a0nonstickybonukset.net<\/a>. Vedonly\u00f6ntipuolella avuksi ovat muun muassa talletusbonukset ja ilmaisvedot. Sportotto kertoo sinulle kaiken, mit\u00e4 sinun tarvitsee tiet\u00e4\u00e4 vedonly\u00f6nnin maailmasta.<\/p>\n\n\n<ol class=\"card-list\"><li class=\"card-list-item\">\n    <div class=\"casino-card\">\n        <div class=\"col\">\n\n            <div class=\"logo\">\n                <img decoding=\"async\" src=\"https:\/\/sportotto.com\/wp-content\/uploads\/2024\/07\/justspin.png\" alt=\"JustSpin\" \/>\n            <\/div>\n        <\/div>\n        <div class=\"col\">\n            <div class=\"name\">\n                JustSpin\n            <\/div>\n            <div class=\"usp primary\">\n                MGA Kasino\n            <\/div>\n        <\/div>\n        <div class=\"col\">\n            <div class=\"usp\">\n                <div>100% aina 300\u20ac asti<\/div>\n            <\/div>\n        <\/div>\n        <div class=\"col\">\n            <div class=\"icons\">\n                <div class=\"icon \">\n                    <img decoding=\"async\" src=\"\/wp-content\/themes\/affilliate-theme-one\/assets\/dist\/img\/bankid.svg\" alt=\"BankID\">\n                <\/div>\n                <div class=\"icon \">\n                    <img decoding=\"async\" src=\"\/wp-content\/themes\/affilliate-theme-one\/assets\/dist\/img\/swish.svg\" alt=\"Swish\">\n                <\/div>\n                <div class=\"icon \">\n                    <img decoding=\"async\" src=\"\/wp-content\/themes\/affilliate-theme-one\/assets\/dist\/img\/trustly.svg\" alt=\"Trusyly\">\n                <\/div>\n                <div class=\"icon active\">\n                    <img decoding=\"async\" src=\"\/wp-content\/themes\/affilliate-theme-one\/assets\/dist\/img\/zimpler.svg\" alt=\"Zimpler\">\n                <\/div>\n            <\/div>\n            <div class=\"cta\">\n                <a href=\"\/ref\/448\" class=\"button\" target=\"_blank\">Kasinolle<\/a>\n            <\/div>\n            \n        <\/div>\n    <\/div>\n<\/li>\n<li class=\"card-list-item\">\n    <div class=\"casino-card\">\n        <div class=\"col\">\n\n            <div class=\"logo\">\n                <img decoding=\"async\" src=\"https:\/\/sportotto.com\/wp-content\/uploads\/2024\/07\/Malina-Casino-logo.png\" alt=\"Malina Casino\" \/>\n            <\/div>\n        <\/div>\n        <div class=\"col\">\n            <div class=\"name\">\n                Malina Casino\n            <\/div>\n            <div class=\"usp primary\">\n                200 Freespins\n            <\/div>\n        <\/div>\n        <div class=\"col\">\n            <div class=\"usp\">\n                <div>100% jopa \u20ac500<\/div>\n            <\/div>\n        <\/div>\n        <div class=\"col\">\n            <div class=\"icons\">\n                <div class=\"icon \">\n                    <img decoding=\"async\" src=\"\/wp-content\/themes\/affilliate-theme-one\/assets\/dist\/img\/bankid.svg\" alt=\"BankID\">\n                <\/div>\n                <div class=\"icon \">\n                    <img decoding=\"async\" src=\"\/wp-content\/themes\/affilliate-theme-one\/assets\/dist\/img\/swish.svg\" alt=\"Swish\">\n                <\/div>\n                <div class=\"icon \">\n                    <img decoding=\"async\" src=\"\/wp-content\/themes\/affilliate-theme-one\/assets\/dist\/img\/trustly.svg\" alt=\"Trusyly\">\n                <\/div>\n                <div class=\"icon active\">\n                    <img decoding=\"async\" src=\"\/wp-content\/themes\/affilliate-theme-one\/assets\/dist\/img\/zimpler.svg\" alt=\"Zimpler\">\n                <\/div>\n            <\/div>\n            <div class=\"cta\">\n                <a href=\"\/ref\/428\" class=\"button\" target=\"_blank\">Kasinolle<\/a>\n            <\/div>\n            <div class=\"terms\"> <\/div>\n        <\/div>\n    <\/div>\n<\/li>\n<li class=\"card-list-item\">\n    <div class=\"casino-card\">\n        <div class=\"col\">\n\n            <div class=\"logo\">\n                <img decoding=\"async\" src=\"https:\/\/sportotto.com\/wp-content\/uploads\/2024\/07\/novajackpot-logo.png\" alt=\"Nova Jackpot\" \/>\n            <\/div>\n        <\/div>\n        <div class=\"col\">\n            <div class=\"name\">\n                Nova Jackpot\n            <\/div>\n            <div class=\"usp primary\">\n                200 Freespins + 1 Bonus\n            <\/div>\n        <\/div>\n        <div class=\"col\">\n            <div class=\"usp\">\n                <div>100% jopa \u20ac500<\/div>\n            <\/div>\n        <\/div>\n        <div class=\"col\">\n            <div class=\"icons\">\n                <div class=\"icon \">\n                    <img decoding=\"async\" src=\"\/wp-content\/themes\/affilliate-theme-one\/assets\/dist\/img\/bankid.svg\" alt=\"BankID\">\n                <\/div>\n                <div class=\"icon \">\n                    <img decoding=\"async\" src=\"\/wp-content\/themes\/affilliate-theme-one\/assets\/dist\/img\/swish.svg\" alt=\"Swish\">\n                <\/div>\n                <div class=\"icon \">\n                    <img decoding=\"async\" src=\"\/wp-content\/themes\/affilliate-theme-one\/assets\/dist\/img\/trustly.svg\" alt=\"Trusyly\">\n                <\/div>\n                <div class=\"icon active\">\n                    <img decoding=\"async\" src=\"\/wp-content\/themes\/affilliate-theme-one\/assets\/dist\/img\/zimpler.svg\" alt=\"Zimpler\">\n                <\/div>\n            <\/div>\n            <div class=\"cta\">\n                <a href=\"\/ref\/438\" class=\"button\" target=\"_blank\">Kasinolle<\/a>\n            <\/div>\n            \n        <\/div>\n    <\/div>\n<\/li>\n<li class=\"card-list-item\">\n    <div class=\"casino-card\">\n        <div class=\"col\">\n\n            <div class=\"logo\">\n                <img decoding=\"async\" src=\"https:\/\/sportotto.com\/wp-content\/uploads\/2024\/07\/Slotsi.png.webp\" alt=\"Slotsi\" \/>\n            <\/div>\n        <\/div>\n        <div class=\"col\">\n            <div class=\"name\">\n                Slotsi\n            <\/div>\n            <div class=\"usp primary\">\n                Verovapaa\n            <\/div>\n        <\/div>\n        <div class=\"col\">\n            <div class=\"usp\">\n                <div>125% jopa \u20ac500 asti<\/div>\n            <\/div>\n        <\/div>\n        <div class=\"col\">\n            <div class=\"icons\">\n                <div class=\"icon \">\n                    <img decoding=\"async\" src=\"\/wp-content\/themes\/affilliate-theme-one\/assets\/dist\/img\/bankid.svg\" alt=\"BankID\">\n                <\/div>\n                <div class=\"icon \">\n                    <img decoding=\"async\" src=\"\/wp-content\/themes\/affilliate-theme-one\/assets\/dist\/img\/swish.svg\" alt=\"Swish\">\n                <\/div>\n                <div class=\"icon \">\n                    <img decoding=\"async\" src=\"\/wp-content\/themes\/affilliate-theme-one\/assets\/dist\/img\/trustly.svg\" alt=\"Trusyly\">\n                <\/div>\n                <div class=\"icon active\">\n                    <img decoding=\"async\" src=\"\/wp-content\/themes\/affilliate-theme-one\/assets\/dist\/img\/zimpler.svg\" alt=\"Zimpler\">\n                <\/div>\n            <\/div>\n            <div class=\"cta\">\n                <a href=\"\/ref\/433\" class=\"button\" target=\"_blank\">Kasinolle<\/a>\n            <\/div>\n            \n        <\/div>\n    <\/div>\n<\/li>\n<\/ol>\n\n\n\n<h2 class=\"wp-block-heading\">Vedonly\u00f6nnin asiantuntija<\/h2>\n\n\n\n<p>Sportotto tarjoaa parhaat vedonly\u00f6ntisivut ja bonukset yhdess\u00e4 paketissa. Mukana ovat <a href=\"https:\/\/www.uudet-kassut.com\/\" target=\"_blank\" rel=\"noreferrer noopener\">uudet nettikasinot<\/a> vedonly\u00f6nnill\u00e4 h\u00f6ystettyn\u00e4, ajankohtaiset urheiluartikkelit sek\u00e4 isoimpien liigojen sarjataulukot.<\/p>\n\n\n\n<p>Sportotto.com on laadukas, luotettava sivusto, joka palvelee suomalaisia vedonly\u00f6nnin yst\u00e4vi\u00e4 kaikessa vedonly\u00f6ntiin liittyv\u00e4ss\u00e4. L\u00f6yd\u00e4t sivustoltamme runsaasti tietoa parhaista vedonly\u00f6ntisivustoista ja neuvomme my\u00f6s alkuun vedonly\u00f6nnin aloittamisessa. Tarjoamme sivustollamme aina ajantasaista sis\u00e4lt\u00f6\u00e4 ja runsaasti tietoa erilaisista vedonly\u00f6ntikohteista ja sivustoista. Jos haluat tutustua my\u00f6s kasinopeleihin, voit lukea lis\u00e4\u00e4 aiheesta <a href=\"https:\/\/www.nopeampi.com\/fi\/casino\/explore\">nettikasino<\/a>-sivulta.<\/p>\n\n\n\n<p>Erilaisten vedonly\u00f6ntisivustojen valikoima on laaja, eik\u00e4 etenk\u00e4\u00e4n aloitteleva vedonly\u00f6j\u00e4 v\u00e4ltt\u00e4m\u00e4tt\u00e4 tied\u00e4, mik\u00e4 sivustoista kannattaisi valita ja mink\u00e4laisia eroja sivustojen v\u00e4lill\u00e4 on. Kun valitset heti luotettavan vedonly\u00f6ntisivuston, ei aikaa tuhlaannu erilaisten vaihtoehtojen testailuun. Lis\u00e4ksi voit olla varma, ett\u00e4 kyseess\u00e4 ei ole huijaussivusto, vaan sivusto toimii luotettavan lisenssin v\u00e4lityksell\u00e4.<\/p>\n\n\n\n<h2 class=\"wp-block-heading\">Nappaa talteen parhaat bonukset<\/h2>\n\n\n\n<p>Sportotto.com tekee yhteisty\u00f6t\u00e4 useiden vedonly\u00f6ntisivustojen kanssa, mutta vain parhaat parhaista kelpuutetaan kumppaneiksemme. Yksi n\u00e4ist\u00e4 kasinoista on <a href=\"https:\/\/instacasino.net\/\" target=\"_blank\" rel=\"noreferrer noopener\">Instacasino.net<\/a>. T\u00e4m\u00e4 tarkoittaa, ett\u00e4 olemme neuvotelleet asiakkaillemme tavallista parempia vedonly\u00f6ntitarjouksia johtavien vedonly\u00f6ntisivustojen kanssa.<\/p>\n\n\n\n<p>Sportotto.com -sivuston kautta vedonly\u00f6nti\u00e4 tarjoavat kasinot tarjoavat my\u00f6s toisinaan bonuksia, jotka ovat saatavilla vain meid\u00e4n asiakkaillemme. Saat siis eksklusiivisia etuja, jotka eiv\u00e4t k\u00e4vele vastaan, jos l\u00f6yd\u00e4t sivuston hakukoneen avulla. Paitsi ett\u00e4 valikoimamme pit\u00e4\u00e4 sis\u00e4ll\u00e4\u00e4n vain laadukkaita kasinoita, saat siis my\u00f6s k\u00e4ytt\u00f6\u00f6si muita paremmat bonukset ja muut edut.<\/p>\n\n\n\n<h2 class=\"wp-block-heading\">Aina uusimmat ja kuumat vedonly\u00f6ntisivustot<\/h2>\n\n\n\n<p>Koska&nbsp;vedonly\u00f6nti&nbsp;on suosittu ajanviete, uusia, erityisesti juuri vedonly\u00f6ntiin keskittyvi\u00e4 sivustoja tulee tarjolle jatkuvasti. Toisinaan markkinoille tulee esimerkiksi vedonly\u00f6ntisivusto, jolla on erityisen hyv\u00e4 valikoima kohteita johonkin tiettyyn lajiin. Vinkkaamme n\u00e4ist\u00e4 sinulle, jotta l\u00f6yd\u00e4t etsim\u00e4si helpommin.<\/p>\n\n\n\n<p>Kun haet vedonly\u00f6ntisivustosi Sportotto.com -sivuston kautta, voit olla varma, ett\u00e4 tarjolla on vanhojen, p\u00f6lyttyneiden sivustojen sijaan tuoreita ja laadukkaita sivustoja. Emme toki suinkaan hyljeksi my\u00f6sk\u00e4\u00e4n perinteisempi\u00e4 vedonly\u00f6ntipaikkoja, kunhan ne t\u00e4ytt\u00e4v\u00e4t tiukat laatuvaatimuksemme.<\/p>\n\n\n\n<h2 class=\"wp-block-heading\">N\u00e4in l\u00f6yd\u00e4t parhaat vedonly\u00f6ntisivustot<\/h2>\n\n\n\n<p>Jotta pelikokemus olisi nautinnollinen, sivuston valinnassa kannattaa huomioida useampia seikkoja. Vaikka kaikki valikoimassamme olevat kasinot ja vedonly\u00f6ntisivustot ovatkin jo itsess\u00e4\u00e4n laadukkaita turvallisia, eiv\u00e4t kaikki sivustot ole v\u00e4ltt\u00e4m\u00e4tt\u00e4 juuri sinulle parhaita mahdollisia vaihtoehtoja.<\/p>\n\n\n\n<p>Erilaiset vedonly\u00f6ntisivustot ovat valinneet itselleen erilaisia painopisteit\u00e4. Siin\u00e4 miss\u00e4 yksi vedonly\u00f6ntisivusto laittaa kaikki panokset muutamaan suosituimpaan lajiin, osa pyrkii tarjoamaan kohteita my\u00f6s harvinaisemmista lajeista. Huomioi t\u00e4m\u00e4 erityisesti, jos suosikkilajisi on jokin v\u00e4hemm\u00e4n suosittu laji.<\/p>\n\n\n\n<p>Toiset vedonly\u00f6ntisivustot my\u00f6s uskovat bonusten voimaan enemm\u00e4n kuin toiset. Vaikka bonukset ovat monen mielest\u00e4 kirsikka kakun p\u00e4\u00e4ll\u00e4, toiset tykk\u00e4\u00e4v\u00e4t pelata vain omalla rahalla, sill\u00e4 bonusehdot eiv\u00e4t ole aina pelaajan n\u00e4k\u00f6kulmasta kovinkaan kohtuulliset. Paras vedonly\u00f6ntisivusto ei aina ole se, joka tarjoaa suurimmat bonukset, vaan bonusehdoilla on merkityst\u00e4.<\/p>\n\n\n\n<p>Bonusten ohella kannattaa kiinnitt\u00e4\u00e4 huomiota my\u00f6s vedonly\u00f6ntisivuston tarjoamiin maksutapoihin ja eri maksutapojen mahdollisiin kuluihin. Suosittuja maksutapoja ovat esimerkiksi pankki- ja luottokortit, nettilompakot kuten Skrill ja Neteller sek\u00e4 erilaiset prepaid-kortit. Yleens\u00e4 my\u00f6s tilisiirto joko suoraan omasta verkkopankistasi tai maksunv\u00e4litt\u00e4j\u00e4n kautta on mahdollinen. Muista my\u00f6s, ett\u00e4 kaikki bonukset eiv\u00e4t v\u00e4ltt\u00e4m\u00e4tt\u00e4 ole lunastettavissa kaikilla maksutavoilla.<\/p>\n\n\n\n<h2 class=\"wp-block-heading\">Yhteenveto<\/h2>\n\n\n\n<p>Vedonly\u00f6nti&nbsp;on j\u00e4nnitt\u00e4v\u00e4 ja hauska harrastus, jossa alkuun p\u00e4\u00e4see parhaiten valitsemalla heti laadukkaan, omaan pelityyliin sopivan sivuston. Osa sivustoista on puhtaita vedonly\u00f6ntisivustoja, siin\u00e4 miss\u00e4 joillakin sivustoilla p\u00e4\u00e4see vedonly\u00f6nnin ohella nauttimaan my\u00f6s esimerkiksi kasinopeleist\u00e4.<\/p>\n\n\n\n<p>Kun valitset kasinosi Sportotto.com -sivuston tarjoamista vaihtoehdoista, voit olla varma, ett\u00e4 pelikokemus on turvallinen ja luotettava ja k\u00e4yt\u00f6ss\u00e4si ovat parhaat mahdolliset edut. Pohdi jo etuk\u00e4teen, mink\u00e4laisia asioita toivot pelipaikalta, jotta l\u00f6yd\u00e4t todenn\u00e4k\u00f6isemmin heti sinulle sopivan vaihtoehdon laajasta tarjonnasta.<\/p>\n","protected":false},"excerpt":{"rendered":"<p>Vedonly\u00f6nti Suomalaiset ovat urheilukansaa ja erityisesti urheiluvedonly\u00f6nti onkin lunastanut paikkansa suomalaisten suosikkiajanvietteiden joukossa. Ei kuitenkaan ole suinkaan samantekev\u00e4\u00e4, mill\u00e4 sivustolla&#8230;<\/p>\n","protected":false},"author":4,"featured_media":0,"parent":0,"menu_order":0,"comment_status":"closed","ping_status":"closed","template":"","meta":{"_acf_changed":false,"footnotes":""},"class_list":["post-319","page","type-page","status-publish","hentry"],"acf":[],"yoast_head":"<!-- This site is optimized with the Yoast SEO plugin v27.4 - https:\/\/yoast.com\/product\/yoast-seo-wordpress\/ -->\n<title>Parhaat vedonly\u00f6ntisivustot 2024 - Sportotto.com<\/title>\n<meta name=\"description\" content=\"Kaikki vedonly\u00f6ntisivustot osoitteesta sportotto.com!\" \/>\n<meta name=\"robots\" content=\"index, follow, max-snippet:-1, max-image-preview:large, max-video-preview:-1\" \/>\n<link rel=\"canonical\" href=\"https:\/\/sportotto.com\/fi\/\" \/>\n<meta property=\"og:locale\" content=\"fi_FI\" \/>\n<meta property=\"og:type\" content=\"article\" \/>\n<meta property=\"og:title\" content=\"Parhaat vedonly\u00f6ntisivustot 2024 - Sportotto.com\" \/>\n<meta property=\"og:description\" content=\"Kaikki vedonly\u00f6ntisivustot osoitteesta sportotto.com!\" \/>\n<meta property=\"og:url\" content=\"https:\/\/sportotto.com\/fi\/\" \/>\n<meta property=\"og:site_name\" content=\"Sportotto.com\" \/>\n<meta property=\"article:modified_time\" content=\"2025-07-07T12:02:44+00:00\" \/>\n<meta name=\"twitter:card\" content=\"summary_large_image\" \/>\n<meta name=\"twitter:label1\" content=\"Arvioitu lukuaika\" \/>\n\t<meta name=\"twitter:data1\" content=\"3 minuuttia\" \/>\n<script type=\"application\/ld+json\" class=\"yoast-schema-graph\">{\"@context\":\"https:\\\/\\\/schema.org\",\"@graph\":[{\"@type\":\"WebPage\",\"@id\":\"https:\\\/\\\/sportotto.com\\\/fi\\\/\",\"url\":\"https:\\\/\\\/sportotto.com\\\/fi\\\/\",\"name\":\"Parhaat vedonly\u00f6ntisivustot 2024 - Sportotto.com\",\"isPartOf\":{\"@id\":\"https:\\\/\\\/sportotto.com\\\/fi\\\/#website\"},\"datePublished\":\"2023-02-07T07:18:33+00:00\",\"dateModified\":\"2025-07-07T12:02:44+00:00\",\"description\":\"Kaikki vedonly\u00f6ntisivustot osoitteesta sportotto.com!\",\"breadcrumb\":{\"@id\":\"https:\\\/\\\/sportotto.com\\\/fi\\\/#breadcrumb\"},\"inLanguage\":\"fi\",\"potentialAction\":[{\"@type\":\"ReadAction\",\"target\":[\"https:\\\/\\\/sportotto.com\\\/fi\\\/\"]}]},{\"@type\":\"BreadcrumbList\",\"@id\":\"https:\\\/\\\/sportotto.com\\\/fi\\\/#breadcrumb\",\"itemListElement\":[{\"@type\":\"ListItem\",\"position\":1,\"name\":\"Sportotto\",\"item\":\"https:\\\/\\\/sportotto.com\\\/fi\\\/\"},{\"@type\":\"ListItem\",\"position\":2,\"name\":\"Vedonly\u00f6nti\"}]},{\"@type\":\"WebSite\",\"@id\":\"https:\\\/\\\/sportotto.com\\\/fi\\\/#website\",\"url\":\"https:\\\/\\\/sportotto.com\\\/fi\\\/\",\"name\":\"Sportotto.com\",\"description\":\"All about sports betting!\",\"potentialAction\":[{\"@type\":\"SearchAction\",\"target\":{\"@type\":\"EntryPoint\",\"urlTemplate\":\"https:\\\/\\\/sportotto.com\\\/fi\\\/?s={search_term_string}\"},\"query-input\":{\"@type\":\"PropertyValueSpecification\",\"valueRequired\":true,\"valueName\":\"search_term_string\"}}],\"inLanguage\":\"fi\"}]}<\/script>\n<!-- \/ Yoast SEO plugin. -->","yoast_head_json":{"title":"Parhaat vedonly\u00f6ntisivustot 2024 - Sportotto.com","description":"Kaikki vedonly\u00f6ntisivustot osoitteesta sportotto.com!","robots":{"index":"index","follow":"follow","max-snippet":"max-snippet:-1","max-image-preview":"max-image-preview:large","max-video-preview":"max-video-preview:-1"},"canonical":"https:\/\/sportotto.com\/fi\/","og_locale":"fi_FI","og_type":"article","og_title":"Parhaat vedonly\u00f6ntisivustot 2024 - Sportotto.com","og_description":"Kaikki vedonly\u00f6ntisivustot osoitteesta sportotto.com!","og_url":"https:\/\/sportotto.com\/fi\/","og_site_name":"Sportotto.com","article_modified_time":"2025-07-07T12:02:44+00:00","twitter_card":"summary_large_image","twitter_misc":{"Arvioitu lukuaika":"3 minuuttia"},"schema":{"@context":"https:\/\/schema.org","@graph":[{"@type":"WebPage","@id":"https:\/\/sportotto.com\/fi\/","url":"https:\/\/sportotto.com\/fi\/","name":"Parhaat vedonly\u00f6ntisivustot 2024 - Sportotto.com","isPartOf":{"@id":"https:\/\/sportotto.com\/fi\/#website"},"datePublished":"2023-02-07T07:18:33+00:00","dateModified":"2025-07-07T12:02:44+00:00","description":"Kaikki vedonly\u00f6ntisivustot osoitteesta sportotto.com!","breadcrumb":{"@id":"https:\/\/sportotto.com\/fi\/#breadcrumb"},"inLanguage":"fi","potentialAction":[{"@type":"ReadAction","target":["https:\/\/sportotto.com\/fi\/"]}]},{"@type":"BreadcrumbList","@id":"https:\/\/sportotto.com\/fi\/#breadcrumb","itemListElement":[{"@type":"ListItem","position":1,"name":"Sportotto","item":"https:\/\/sportotto.com\/fi\/"},{"@type":"ListItem","position":2,"name":"Vedonly\u00f6nti"}]},{"@type":"WebSite","@id":"https:\/\/sportotto.com\/fi\/#website","url":"https:\/\/sportotto.com\/fi\/","name":"Sportotto.com","description":"All about sports betting!","potentialAction":[{"@type":"SearchAction","target":{"@type":"EntryPoint","urlTemplate":"https:\/\/sportotto.com\/fi\/?s={search_term_string}"},"query-input":{"@type":"PropertyValueSpecification","valueRequired":true,"valueName":"search_term_string"}}],"inLanguage":"fi"}]}},"_links":{"self":[{"href":"https:\/\/sportotto.com\/fi\/wp-json\/wp\/v2\/pages\/319","targetHints":{"allow":["GET"]}}],"collection":[{"href":"https:\/\/sportotto.com\/fi\/wp-json\/wp\/v2\/pages"}],"about":[{"href":"https:\/\/sportotto.com\/fi\/wp-json\/wp\/v2\/types\/page"}],"author":[{"embeddable":true,"href":"https:\/\/sportotto.com\/fi\/wp-json\/wp\/v2\/users\/4"}],"replies":[{"embeddable":true,"href":"https:\/\/sportotto.com\/fi\/wp-json\/wp\/v2\/comments?post=319"}],"version-history":[{"count":9,"href":"https:\/\/sportotto.com\/fi\/wp-json\/wp\/v2\/pages\/319\/revisions"}],"predecessor-version":[{"id":938,"href":"https:\/\/sportotto.com\/fi\/wp-json\/wp\/v2\/pages\/319\/revisions\/938"}],"wp:attachment":[{"href":"https:\/\/sportotto.com\/fi\/wp-json\/wp\/v2\/media?parent=319"}],"curies":[{"name":"wp","href":"https:\/\/api.w.org\/{rel}","templated":true}]}}