{"id":335,"date":"2023-10-02T13:26:14","date_gmt":"2023-10-02T13:26:14","guid":{"rendered":"https:\/\/sportotto.com\/jalkapallo\/"},"modified":"2024-03-05T12:15:02","modified_gmt":"2024-03-05T12:15:02","slug":"jalkapallo","status":"publish","type":"page","link":"https:\/\/sportotto.com\/fi\/jalkapallo\/","title":{"rendered":"Jalkapallo"},"content":{"rendered":"\n<h1 class=\"wp-block-heading\">Jalkapallo<\/h1>\n\n\n\n<p>Tervetuloa jalkapallokategoriaamme, jossa keskitymme maailman rakastetuimpaan urheilulajiin. Olit sitten omistautunut kannattaja, innokas amat\u00f6\u00f6ripelaaja tai vain lumoutunut pelin kauneudesta ja draamasta, meill\u00e4 on jotain sinulle t\u00e4\u00e4ll\u00e4. Tutustu valikoimaamme artikkeleita, jotka k\u00e4sittelev\u00e4t kaikkea viimeisimmist\u00e4 otteluista ja turnauksista syv\u00e4llisiin analyyseihin taktiikoista ja pelaajien suorituksista. Tarjoamme my\u00f6s vinkkej\u00e4 pelitekniikan parantamiseen sek\u00e4 tietoa jalkapallon historiasta ja kehityksest\u00e4. Olitpa sitten seuraamassa suosikkiseuraasi tai vain nauttimassa maailman parhaiden pelaajien n\u00e4kemisest\u00e4 toiminnassa, t\u00e4m\u00e4 on paikka sinulle syventy\u00e4 jalkapallon upeaan maailmaan. Tule mukaamme tutkimaan kaikkea mit\u00e4 jalkapallolla on tarjottavana!<\/p>\n\n\n\n<h2 class=\"wp-block-heading\">Jalkapallon liigat ja turnaukset<\/h2>\n\n\n<ul class=\"wp-block-page-list\"><li class=\"wp-block-pages-list__item\"><a class=\"wp-block-pages-list__item__link\" href=\"https:\/\/sportotto.com\/fi\/jalkapallo\/mestarien-liiga-sarjataulukot\/\">Mestarien liiga sarjataulukot<\/a><\/li><li class=\"wp-block-pages-list__item\"><a class=\"wp-block-pages-list__item__link\" href=\"https:\/\/sportotto.com\/fi\/jalkapallo\/valioliiga-sarjataulukot\/\">Valioliiga Sarjataulukot<\/a><\/li><\/ul>\n\n\n<h2 class=\"wp-block-heading\">Viimeisimm\u00e4t kirjoitukset<\/h2>\n\n\n\n<div class=\"wp-block-query is-layout-flow wp-block-query-is-layout-flow\"><\/div>\n\n\n\n<p>Olipa kyse sitten Englannin Valioliigasta, Espanjan La Ligasta, Saksan Bundesliigasta, Italian Serie A:sta tai Ranskan Ligue 1:st\u00e4, k\u00e4sittelemme viimeisimpi\u00e4 uutisia, ottelu-analyysej\u00e4 ja kohokohtia mantereen arvostetuimmista liigoista. Tarjoamme my\u00f6s n\u00e4kemyksi\u00e4 joukkueiden suorituksista, pelaajasiirroista, loukkaantumisista ja paljon muuta. T\u00e4\u00e4ll\u00e4 voit seurata kauden matkaa ja pysy\u00e4 ajan tasalla kaikesta, mit\u00e4 tapahtuu Euroopan suurimmissa liigoissa.<\/p>\n","protected":false},"excerpt":{"rendered":"<p>Jalkapallo Tervetuloa jalkapallokategoriaamme, jossa keskitymme maailman rakastetuimpaan urheilulajiin. Olit sitten omistautunut kannattaja, innokas amat\u00f6\u00f6ripelaaja tai vain lumoutunut pelin kauneudesta ja&#8230;<\/p>\n","protected":false},"author":4,"featured_media":0,"parent":0,"menu_order":0,"comment_status":"closed","ping_status":"closed","template":"","meta":{"_acf_changed":false,"footnotes":""},"class_list":["post-335","page","type-page","status-publish","hentry"],"acf":[],"yoast_head":"<!-- This site is optimized with the Yoast SEO plugin v27.4 - https:\/\/yoast.com\/product\/yoast-seo-wordpress\/ -->\n<title>Jalkapallo - Sportotto.com<\/title>\n<meta name=\"robots\" content=\"index, follow, max-snippet:-1, max-image-preview:large, max-video-preview:-1\" \/>\n<link rel=\"canonical\" href=\"https:\/\/sportotto.com\/fi\/jalkapallo\/\" \/>\n<meta property=\"og:locale\" content=\"fi_FI\" \/>\n<meta property=\"og:type\" content=\"article\" \/>\n<meta property=\"og:title\" content=\"Jalkapallo - Sportotto.com\" \/>\n<meta property=\"og:description\" content=\"Jalkapallo Tervetuloa jalkapallokategoriaamme, jossa keskitymme maailman rakastetuimpaan urheilulajiin. Olit sitten omistautunut kannattaja, innokas amat\u00f6\u00f6ripelaaja tai vain lumoutunut pelin kauneudesta ja...\" \/>\n<meta property=\"og:url\" content=\"https:\/\/sportotto.com\/fi\/jalkapallo\/\" \/>\n<meta property=\"og:site_name\" content=\"Sportotto.com\" \/>\n<meta property=\"article:modified_time\" content=\"2024-03-05T12:15:02+00:00\" \/>\n<meta name=\"twitter:card\" content=\"summary_large_image\" \/>\n<meta name=\"twitter:label1\" content=\"Arvioitu lukuaika\" \/>\n\t<meta name=\"twitter:data1\" content=\"1 minuutti\" \/>\n<script type=\"application\/ld+json\" class=\"yoast-schema-graph\">{\"@context\":\"https:\\\/\\\/schema.org\",\"@graph\":[{\"@type\":\"WebPage\",\"@id\":\"https:\\\/\\\/sportotto.com\\\/fi\\\/jalkapallo\\\/\",\"url\":\"https:\\\/\\\/sportotto.com\\\/fi\\\/jalkapallo\\\/\",\"name\":\"Jalkapallo - Sportotto.com\",\"isPartOf\":{\"@id\":\"https:\\\/\\\/sportotto.com\\\/fi\\\/#website\"},\"datePublished\":\"2023-10-02T13:26:14+00:00\",\"dateModified\":\"2024-03-05T12:15:02+00:00\",\"breadcrumb\":{\"@id\":\"https:\\\/\\\/sportotto.com\\\/fi\\\/jalkapallo\\\/#breadcrumb\"},\"inLanguage\":\"fi\",\"potentialAction\":[{\"@type\":\"ReadAction\",\"target\":[\"https:\\\/\\\/sportotto.com\\\/fi\\\/jalkapallo\\\/\"]}]},{\"@type\":\"BreadcrumbList\",\"@id\":\"https:\\\/\\\/sportotto.com\\\/fi\\\/jalkapallo\\\/#breadcrumb\",\"itemListElement\":[{\"@type\":\"ListItem\",\"position\":1,\"name\":\"Sportotto\",\"item\":\"https:\\\/\\\/sportotto.com\\\/fi\\\/\"},{\"@type\":\"ListItem\",\"position\":2,\"name\":\"Jalkapallo\"}]},{\"@type\":\"WebSite\",\"@id\":\"https:\\\/\\\/sportotto.com\\\/fi\\\/#website\",\"url\":\"https:\\\/\\\/sportotto.com\\\/fi\\\/\",\"name\":\"Sportotto.com\",\"description\":\"All about sports betting!\",\"potentialAction\":[{\"@type\":\"SearchAction\",\"target\":{\"@type\":\"EntryPoint\",\"urlTemplate\":\"https:\\\/\\\/sportotto.com\\\/fi\\\/?s={search_term_string}\"},\"query-input\":{\"@type\":\"PropertyValueSpecification\",\"valueRequired\":true,\"valueName\":\"search_term_string\"}}],\"inLanguage\":\"fi\"}]}<\/script>\n<!-- \/ Yoast SEO plugin. -->","yoast_head_json":{"title":"Jalkapallo - Sportotto.com","robots":{"index":"index","follow":"follow","max-snippet":"max-snippet:-1","max-image-preview":"max-image-preview:large","max-video-preview":"max-video-preview:-1"},"canonical":"https:\/\/sportotto.com\/fi\/jalkapallo\/","og_locale":"fi_FI","og_type":"article","og_title":"Jalkapallo - Sportotto.com","og_description":"Jalkapallo Tervetuloa jalkapallokategoriaamme, jossa keskitymme maailman rakastetuimpaan urheilulajiin. Olit sitten omistautunut kannattaja, innokas amat\u00f6\u00f6ripelaaja tai vain lumoutunut pelin kauneudesta ja...","og_url":"https:\/\/sportotto.com\/fi\/jalkapallo\/","og_site_name":"Sportotto.com","article_modified_time":"2024-03-05T12:15:02+00:00","twitter_card":"summary_large_image","twitter_misc":{"Arvioitu lukuaika":"1 minuutti"},"schema":{"@context":"https:\/\/schema.org","@graph":[{"@type":"WebPage","@id":"https:\/\/sportotto.com\/fi\/jalkapallo\/","url":"https:\/\/sportotto.com\/fi\/jalkapallo\/","name":"Jalkapallo - Sportotto.com","isPartOf":{"@id":"https:\/\/sportotto.com\/fi\/#website"},"datePublished":"2023-10-02T13:26:14+00:00","dateModified":"2024-03-05T12:15:02+00:00","breadcrumb":{"@id":"https:\/\/sportotto.com\/fi\/jalkapallo\/#breadcrumb"},"inLanguage":"fi","potentialAction":[{"@type":"ReadAction","target":["https:\/\/sportotto.com\/fi\/jalkapallo\/"]}]},{"@type":"BreadcrumbList","@id":"https:\/\/sportotto.com\/fi\/jalkapallo\/#breadcrumb","itemListElement":[{"@type":"ListItem","position":1,"name":"Sportotto","item":"https:\/\/sportotto.com\/fi\/"},{"@type":"ListItem","position":2,"name":"Jalkapallo"}]},{"@type":"WebSite","@id":"https:\/\/sportotto.com\/fi\/#website","url":"https:\/\/sportotto.com\/fi\/","name":"Sportotto.com","description":"All about sports betting!","potentialAction":[{"@type":"SearchAction","target":{"@type":"EntryPoint","urlTemplate":"https:\/\/sportotto.com\/fi\/?s={search_term_string}"},"query-input":{"@type":"PropertyValueSpecification","valueRequired":true,"valueName":"search_term_string"}}],"inLanguage":"fi"}]}},"_links":{"self":[{"href":"https:\/\/sportotto.com\/fi\/wp-json\/wp\/v2\/pages\/335","targetHints":{"allow":["GET"]}}],"collection":[{"href":"https:\/\/sportotto.com\/fi\/wp-json\/wp\/v2\/pages"}],"about":[{"href":"https:\/\/sportotto.com\/fi\/wp-json\/wp\/v2\/types\/page"}],"author":[{"embeddable":true,"href":"https:\/\/sportotto.com\/fi\/wp-json\/wp\/v2\/users\/4"}],"replies":[{"embeddable":true,"href":"https:\/\/sportotto.com\/fi\/wp-json\/wp\/v2\/comments?post=335"}],"version-history":[{"count":5,"href":"https:\/\/sportotto.com\/fi\/wp-json\/wp\/v2\/pages\/335\/revisions"}],"predecessor-version":[{"id":355,"href":"https:\/\/sportotto.com\/fi\/wp-json\/wp\/v2\/pages\/335\/revisions\/355"}],"wp:attachment":[{"href":"https:\/\/sportotto.com\/fi\/wp-json\/wp\/v2\/media?parent=335"}],"curies":[{"name":"wp","href":"https:\/\/api.w.org\/{rel}","templated":true}]}}