{"id":112,"date":"2023-10-03T13:56:04","date_gmt":"2023-10-03T13:56:04","guid":{"rendered":"http:\/\/sportotto.com\/handball\/"},"modified":"2023-11-02T11:53:28","modified_gmt":"2023-11-02T11:53:28","slug":"handboll","status":"publish","type":"page","link":"https:\/\/sportotto.com\/sv\/handboll\/","title":{"rendered":"Handboll"},"content":{"rendered":"\n<h2 class=\"wp-block-heading\">Handboll<\/h2>\n\n\n\n<p>Handboll \u00e4r en sp\u00e4nnande och intensiv lagsport som har en stor popularitet \u00f6ver hela v\u00e4rlden. Spelet spelas med sju spelare p\u00e5 vardera sidan, inklusive en m\u00e5lvakt och sex utespelare. M\u00e5let \u00e4r att g\u00f6ra fler m\u00e5l \u00e4n motst\u00e5ndarlaget genom att kasta bollen i motst\u00e5ndarnas m\u00e5l.<\/p>\n\n\n\n<h2 class=\"wp-block-heading\">Handbollsligor<\/h2>\n\n\n<ul class=\"wp-block-page-list\"><li class=\"wp-block-pages-list__item\"><a class=\"wp-block-pages-list__item__link\" href=\"https:\/\/sportotto.com\/sv\/handboll\/handball-bundesliga\/\">Handball-Bundesliga<\/a><\/li><\/ul>\n\n\n<h2 class=\"wp-block-heading\">Senaste hanbollsinl\u00e4ggen<\/h2>\n\n\n\n<div class=\"wp-block-query is-layout-flow wp-block-query-is-layout-flow\"><ul class=\"wp-block-post-template is-layout-flow wp-block-post-template-is-layout-flow\"><li class=\"wp-block-post post-125 post type-post status-publish format-standard has-post-thumbnail hentry category-handball-bundesliga\">\n\n<div class=\"wp-block-columns alignwide is-layout-flex wp-container-core-columns-is-layout-9d6595d7 wp-block-columns-is-layout-flex\">\n<div class=\"wp-block-column is-layout-flow wp-block-column-is-layout-flow\" style=\"flex-basis:66.66%\"><figure class=\"wp-block-post-featured-image\"><a href=\"https:\/\/sportotto.com\/sv\/handboll\/handball-bundesliga\/fuchse-berlin\/\" target=\"_self\"  ><img loading=\"lazy\" decoding=\"async\" width=\"1200\" height=\"628\" src=\"https:\/\/sportotto.com\/wp-content\/uploads\/2023\/10\/fuchse-berlin.png\" class=\"attachment-post-thumbnail size-post-thumbnail wp-post-image\" alt=\"F\u00fcchse Berlin\" style=\"object-fit:cover;\" srcset=\"https:\/\/sportotto.com\/wp-content\/uploads\/2023\/10\/fuchse-berlin.png 1200w, https:\/\/sportotto.com\/wp-content\/uploads\/2023\/10\/fuchse-berlin-300x157.png 300w, https:\/\/sportotto.com\/wp-content\/uploads\/2023\/10\/fuchse-berlin-1024x536.png 1024w, https:\/\/sportotto.com\/wp-content\/uploads\/2023\/10\/fuchse-berlin-768x402.png 768w\" sizes=\"auto, (max-width: 1200px) 100vw, 1200px\" \/><\/a><\/figure><\/div>\n\n\n\n<div class=\"wp-block-column is-layout-flow wp-block-column-is-layout-flow\" style=\"flex-basis:33.33%\"><h2 class=\"wp-block-post-title\"><a href=\"https:\/\/sportotto.com\/sv\/handboll\/handball-bundesliga\/fuchse-berlin\/\" target=\"_self\" >F\u00fcchse Berlin<\/a><\/h2>\n\n<div class=\"wp-block-post-excerpt\"><p class=\"wp-block-post-excerpt__excerpt\">F\u00fcchse Berlin F\u00fcchse Berlin, en av Tysklands mest framst\u00e5ende handbollsklubbar, har blivit en ikon i Berlin och en stark kraft<\/p><p class=\"wp-block-post-excerpt__more-text\"><a class=\"wp-block-post-excerpt__more-link\" href=\"https:\/\/sportotto.com\/sv\/handboll\/handball-bundesliga\/fuchse-berlin\/\">L\u00e4s mer<\/a><\/p><\/div><\/div>\n<\/div>\n\n<\/li><li class=\"wp-block-post post-129 post type-post status-publish format-standard has-post-thumbnail hentry category-handball-bundesliga\">\n\n<div class=\"wp-block-columns alignwide is-layout-flex wp-container-core-columns-is-layout-9d6595d7 wp-block-columns-is-layout-flex\">\n<div class=\"wp-block-column is-layout-flow wp-block-column-is-layout-flow\" style=\"flex-basis:66.66%\"><figure class=\"wp-block-post-featured-image\"><a href=\"https:\/\/sportotto.com\/sv\/handboll\/handball-bundesliga\/bergischer-hc\/\" target=\"_self\"  ><img loading=\"lazy\" decoding=\"async\" width=\"1200\" height=\"628\" src=\"https:\/\/sportotto.com\/wp-content\/uploads\/2023\/10\/bergischer-hc.png\" class=\"attachment-post-thumbnail size-post-thumbnail wp-post-image\" alt=\"Bergischer HC\" style=\"object-fit:cover;\" srcset=\"https:\/\/sportotto.com\/wp-content\/uploads\/2023\/10\/bergischer-hc.png 1200w, https:\/\/sportotto.com\/wp-content\/uploads\/2023\/10\/bergischer-hc-300x157.png 300w, https:\/\/sportotto.com\/wp-content\/uploads\/2023\/10\/bergischer-hc-1024x536.png 1024w, https:\/\/sportotto.com\/wp-content\/uploads\/2023\/10\/bergischer-hc-768x402.png 768w\" sizes=\"auto, (max-width: 1200px) 100vw, 1200px\" \/><\/a><\/figure><\/div>\n\n\n\n<div class=\"wp-block-column is-layout-flow wp-block-column-is-layout-flow\" style=\"flex-basis:33.33%\"><h2 class=\"wp-block-post-title\"><a href=\"https:\/\/sportotto.com\/sv\/handboll\/handball-bundesliga\/bergischer-hc\/\" target=\"_self\" >Bergischer HC<\/a><\/h2>\n\n<div class=\"wp-block-post-excerpt\"><p class=\"wp-block-post-excerpt__excerpt\">Bergischer HC Bergischer HC, f\u00f6rkortat BHC, \u00e4r en tysk handbollsklubb med en rik historia och stark n\u00e4rvaro i den tyska<\/p><p class=\"wp-block-post-excerpt__more-text\"><a class=\"wp-block-post-excerpt__more-link\" href=\"https:\/\/sportotto.com\/sv\/handboll\/handball-bundesliga\/bergischer-hc\/\">L\u00e4s mer<\/a><\/p><\/div><\/div>\n<\/div>\n\n<\/li><\/ul><\/div>\n\n\n\n<p>En av de mest attraktiva aspekterna av handboll \u00e4r dess snabbhet. Spelet utvecklas i h\u00f6gt tempo med snabba passningar, l\u00f6pningar och skott p\u00e5 m\u00e5l. Dessutom kr\u00e4ver handboll en imponerande blandning av fysisk styrka, snabbhet och taktisk skicklighet. Det \u00e4r en sport d\u00e4r spelarna m\u00e5ste vara i utm\u00e4rkt form f\u00f6r att prestera p\u00e5 sin b\u00e4sta niv\u00e5.<\/p>\n\n\n\n<p>Handboll har sitt ursprung i Skandinavien, och sporten har en stark tradition i l\u00e4nder som Sverige, Danmark och Norge. Men idag spelas handboll \u00f6ver hela v\u00e4rlden, och det \u00e4r en av de mest popul\u00e4ra idrotterna i l\u00e4nder som Tyskland, Spanien och Frankrike.<\/p>\n\n\n\n<p>Handboll \u00e4r inte bara en underh\u00e5llande sport att spela, utan ocks\u00e5 att titta p\u00e5. M\u00e5nga m\u00e4nniskor f\u00f6ljer handbollsligor och m\u00e4sterskap \u00f6ver hela v\u00e4rlden och hejar p\u00e5 sina favoritlag. Handbollsmatcher \u00e4r fyllda med sp\u00e4nning, dramatik och fantastiska m\u00e5l som f\u00e5r publiken att jubla.<\/p>\n\n\n\n<p>Det \u00e4r en sport som \u00e4ven erbjuder en m\u00e4ngd m\u00f6jligheter f\u00f6r satsningar och vadslagning. M\u00e4nniskor satsar p\u00e5 olika aspekter av handbollsmatcher, inklusive resultat, m\u00e5lskyttar och mycket mer. Det finns ett brett utbud av satsningsalternativ f\u00f6r handbollsfans att utforska.<\/p>\n\n\n\n<p>Oavsett om du \u00e4r en aktiv handbollsspelare, en h\u00e4ngiven \u00e5sk\u00e5dare eller en entusiastisk bettare, finns det n\u00e5got i handboll f\u00f6r alla. Sporten kombinerar fysisk skicklighet med strategiskt t\u00e4nkande och erbjuder en uppslukande upplevelse f\u00f6r alla som \u00e4r involverade. S\u00e5 oavsett om du kastar bollen p\u00e5 planen eller f\u00f6ljer ditt favoritlag fr\u00e5n l\u00e4ktaren, \u00e4r handboll en fantastisk sport som forts\u00e4tter att f\u00e4ngsla m\u00e4nniskor runt om i v\u00e4rlden.<\/p>\n","protected":false},"excerpt":{"rendered":"<p>Handboll Handboll \u00e4r en sp\u00e4nnande och intensiv lagsport som har en stor popularitet \u00f6ver hela v\u00e4rlden. Spelet spelas med sju&#8230;<\/p>\n","protected":false},"author":4,"featured_media":0,"parent":0,"menu_order":0,"comment_status":"closed","ping_status":"closed","template":"","meta":{"_acf_changed":false,"footnotes":""},"class_list":["post-112","page","type-page","status-publish","hentry"],"acf":[],"yoast_head":"<!-- This site is optimized with the Yoast SEO plugin v27.4 - https:\/\/yoast.com\/product\/yoast-seo-wordpress\/ -->\n<title>Handboll - Alla ligor - All statistik - Sportotto.com<\/title>\n<meta name=\"description\" content=\"H\u00e4r hittar du alla v\u00e5ra inl\u00e4gg och statisitk om handboll - lag och spelare - Sportotto.com\" \/>\n<meta name=\"robots\" content=\"index, follow, max-snippet:-1, max-image-preview:large, max-video-preview:-1\" \/>\n<link rel=\"canonical\" href=\"https:\/\/sportotto.com\/sv\/handboll\/\" \/>\n<meta property=\"og:locale\" content=\"sv_SE\" \/>\n<meta property=\"og:type\" content=\"article\" \/>\n<meta property=\"og:title\" content=\"Handboll - Alla ligor - All statistik - Sportotto.com\" \/>\n<meta property=\"og:description\" content=\"H\u00e4r hittar du alla v\u00e5ra inl\u00e4gg och statisitk om handboll - lag och spelare - Sportotto.com\" \/>\n<meta property=\"og:url\" content=\"https:\/\/sportotto.com\/sv\/handboll\/\" \/>\n<meta property=\"og:site_name\" content=\"Sportotto.com\" \/>\n<meta property=\"article:modified_time\" content=\"2023-11-02T11:53:28+00:00\" \/>\n<meta name=\"twitter:card\" content=\"summary_large_image\" \/>\n<meta name=\"twitter:label1\" content=\"Ber\u00e4knad l\u00e4stid\" \/>\n\t<meta name=\"twitter:data1\" content=\"2 minuter\" \/>\n<script type=\"application\/ld+json\" class=\"yoast-schema-graph\">{\"@context\":\"https:\\\/\\\/schema.org\",\"@graph\":[{\"@type\":\"WebPage\",\"@id\":\"https:\\\/\\\/sportotto.com\\\/sv\\\/handboll\\\/\",\"url\":\"https:\\\/\\\/sportotto.com\\\/sv\\\/handboll\\\/\",\"name\":\"Handboll - Alla ligor - All statistik - Sportotto.com\",\"isPartOf\":{\"@id\":\"https:\\\/\\\/sportotto.com\\\/sv\\\/#website\"},\"datePublished\":\"2023-10-03T13:56:04+00:00\",\"dateModified\":\"2023-11-02T11:53:28+00:00\",\"description\":\"H\u00e4r hittar du alla v\u00e5ra inl\u00e4gg och statisitk om handboll - lag och spelare - Sportotto.com\",\"breadcrumb\":{\"@id\":\"https:\\\/\\\/sportotto.com\\\/sv\\\/handboll\\\/#breadcrumb\"},\"inLanguage\":\"sv-SE\",\"potentialAction\":[{\"@type\":\"ReadAction\",\"target\":[\"https:\\\/\\\/sportotto.com\\\/sv\\\/handboll\\\/\"]}]},{\"@type\":\"BreadcrumbList\",\"@id\":\"https:\\\/\\\/sportotto.com\\\/sv\\\/handboll\\\/#breadcrumb\",\"itemListElement\":[{\"@type\":\"ListItem\",\"position\":1,\"name\":\"Sportotto\",\"item\":\"https:\\\/\\\/sportotto.com\\\/sv\\\/\"},{\"@type\":\"ListItem\",\"position\":2,\"name\":\"Handboll\"}]},{\"@type\":\"WebSite\",\"@id\":\"https:\\\/\\\/sportotto.com\\\/sv\\\/#website\",\"url\":\"https:\\\/\\\/sportotto.com\\\/sv\\\/\",\"name\":\"Sportotto.com\",\"description\":\"All about sports betting!\",\"publisher\":{\"@id\":\"https:\\\/\\\/sportotto.com\\\/sv\\\/#organization\"},\"potentialAction\":[{\"@type\":\"SearchAction\",\"target\":{\"@type\":\"EntryPoint\",\"urlTemplate\":\"https:\\\/\\\/sportotto.com\\\/sv\\\/?s={search_term_string}\"},\"query-input\":{\"@type\":\"PropertyValueSpecification\",\"valueRequired\":true,\"valueName\":\"search_term_string\"}}],\"inLanguage\":\"sv-SE\"},{\"@type\":\"Organization\",\"@id\":\"https:\\\/\\\/sportotto.com\\\/sv\\\/#organization\",\"name\":\"Sportotto.com\",\"url\":\"https:\\\/\\\/sportotto.com\\\/sv\\\/\",\"logo\":{\"@type\":\"ImageObject\",\"inLanguage\":\"sv-SE\",\"@id\":\"https:\\\/\\\/sportotto.com\\\/sv\\\/#\\\/schema\\\/logo\\\/image\\\/\",\"url\":\"https:\\\/\\\/sportotto.com\\\/wp-content\\\/uploads\\\/2023\\\/10\\\/sportotto-logo-e1696859612299.png\",\"contentUrl\":\"https:\\\/\\\/sportotto.com\\\/wp-content\\\/uploads\\\/2023\\\/10\\\/sportotto-logo-e1696859612299.png\",\"width\":450,\"height\":62,\"caption\":\"Sportotto.com\"},\"image\":{\"@id\":\"https:\\\/\\\/sportotto.com\\\/sv\\\/#\\\/schema\\\/logo\\\/image\\\/\"}}]}<\/script>\n<!-- \/ Yoast SEO plugin. -->","yoast_head_json":{"title":"Handboll - Alla ligor - All statistik - Sportotto.com","description":"H\u00e4r hittar du alla v\u00e5ra inl\u00e4gg och statisitk om handboll - lag och spelare - Sportotto.com","robots":{"index":"index","follow":"follow","max-snippet":"max-snippet:-1","max-image-preview":"max-image-preview:large","max-video-preview":"max-video-preview:-1"},"canonical":"https:\/\/sportotto.com\/sv\/handboll\/","og_locale":"sv_SE","og_type":"article","og_title":"Handboll - Alla ligor - All statistik - Sportotto.com","og_description":"H\u00e4r hittar du alla v\u00e5ra inl\u00e4gg och statisitk om handboll - lag och spelare - Sportotto.com","og_url":"https:\/\/sportotto.com\/sv\/handboll\/","og_site_name":"Sportotto.com","article_modified_time":"2023-11-02T11:53:28+00:00","twitter_card":"summary_large_image","twitter_misc":{"Ber\u00e4knad l\u00e4stid":"2 minuter"},"schema":{"@context":"https:\/\/schema.org","@graph":[{"@type":"WebPage","@id":"https:\/\/sportotto.com\/sv\/handboll\/","url":"https:\/\/sportotto.com\/sv\/handboll\/","name":"Handboll - Alla ligor - All statistik - Sportotto.com","isPartOf":{"@id":"https:\/\/sportotto.com\/sv\/#website"},"datePublished":"2023-10-03T13:56:04+00:00","dateModified":"2023-11-02T11:53:28+00:00","description":"H\u00e4r hittar du alla v\u00e5ra inl\u00e4gg och statisitk om handboll - lag och spelare - Sportotto.com","breadcrumb":{"@id":"https:\/\/sportotto.com\/sv\/handboll\/#breadcrumb"},"inLanguage":"sv-SE","potentialAction":[{"@type":"ReadAction","target":["https:\/\/sportotto.com\/sv\/handboll\/"]}]},{"@type":"BreadcrumbList","@id":"https:\/\/sportotto.com\/sv\/handboll\/#breadcrumb","itemListElement":[{"@type":"ListItem","position":1,"name":"Sportotto","item":"https:\/\/sportotto.com\/sv\/"},{"@type":"ListItem","position":2,"name":"Handboll"}]},{"@type":"WebSite","@id":"https:\/\/sportotto.com\/sv\/#website","url":"https:\/\/sportotto.com\/sv\/","name":"Sportotto.com","description":"All about sports betting!","publisher":{"@id":"https:\/\/sportotto.com\/sv\/#organization"},"potentialAction":[{"@type":"SearchAction","target":{"@type":"EntryPoint","urlTemplate":"https:\/\/sportotto.com\/sv\/?s={search_term_string}"},"query-input":{"@type":"PropertyValueSpecification","valueRequired":true,"valueName":"search_term_string"}}],"inLanguage":"sv-SE"},{"@type":"Organization","@id":"https:\/\/sportotto.com\/sv\/#organization","name":"Sportotto.com","url":"https:\/\/sportotto.com\/sv\/","logo":{"@type":"ImageObject","inLanguage":"sv-SE","@id":"https:\/\/sportotto.com\/sv\/#\/schema\/logo\/image\/","url":"https:\/\/sportotto.com\/wp-content\/uploads\/2023\/10\/sportotto-logo-e1696859612299.png","contentUrl":"https:\/\/sportotto.com\/wp-content\/uploads\/2023\/10\/sportotto-logo-e1696859612299.png","width":450,"height":62,"caption":"Sportotto.com"},"image":{"@id":"https:\/\/sportotto.com\/sv\/#\/schema\/logo\/image\/"}}]}},"_links":{"self":[{"href":"https:\/\/sportotto.com\/sv\/wp-json\/wp\/v2\/pages\/112","targetHints":{"allow":["GET"]}}],"collection":[{"href":"https:\/\/sportotto.com\/sv\/wp-json\/wp\/v2\/pages"}],"about":[{"href":"https:\/\/sportotto.com\/sv\/wp-json\/wp\/v2\/types\/page"}],"author":[{"embeddable":true,"href":"https:\/\/sportotto.com\/sv\/wp-json\/wp\/v2\/users\/4"}],"replies":[{"embeddable":true,"href":"https:\/\/sportotto.com\/sv\/wp-json\/wp\/v2\/comments?post=112"}],"version-history":[{"count":5,"href":"https:\/\/sportotto.com\/sv\/wp-json\/wp\/v2\/pages\/112\/revisions"}],"predecessor-version":[{"id":285,"href":"https:\/\/sportotto.com\/sv\/wp-json\/wp\/v2\/pages\/112\/revisions\/285"}],"wp:attachment":[{"href":"https:\/\/sportotto.com\/sv\/wp-json\/wp\/v2\/media?parent=112"}],"curies":[{"name":"wp","href":"https:\/\/api.w.org\/{rel}","templated":true}]}}